{"id":46,"date":"2016-04-15T19:55:54","date_gmt":"2016-04-15T23:55:54","guid":{"rendered":"http:\/\/www.fiorangelico.org\/?page_id=46"},"modified":"2026-01-21T15:38:31","modified_gmt":"2026-01-21T20:38:31","slug":"concerts","status":"publish","type":"page","link":"http:\/\/www.fiorangelico.org\/index.php\/concerts\/","title":{"rendered":"Concerts"},"content":{"rendered":"<p>For much of its history, Fior Angelico has existed primarily as a summertime ensemble, generally performing a single program each year. Below is a summary of past concerts and repertoire.<\/p>\n<div class=\"hrule clearfix\"><\/div>\n<p><strong>Palestrina 500<\/strong><\/p>\n<p>Saint Joseph Cathedral (Columbus, Ohio)<br \/>\nFriday, April 4, 2025, 7:30 p.m.<\/p>\n<p>&#8211;\u00a0<em>Loquebantur variis linguis<\/em>, Giovanni Pierluigi da Palestrina<br \/>\n&#8211;\u00a0<em>Pater noster<\/em>, Giovanni Pierluigi da Palestrina<br \/>\n&#8211;\u00a0<em>Canite tuba<\/em>, Giovanni Pierluigi da Palestrina<br \/>\n&#8211;\u00a0<em>Tu es Petrus<\/em>, Giovanni Pierluigi da Palestrina<br \/>\n&#8211; Missa Tu es Petrus<em>, Giovanni Pierluigi da Palestrina<\/em><\/p>\n<div class=\"hrule clearfix\"><\/div>\n<p><strong>English Music for Chapel, Court, and Countryside<\/strong><br \/>\nJoint concert with <a href=\"https:\/\/theearlyinterval.wixsite.com\/theearlyinterval\" target=\"_blank\" rel=\"noopener\">The Early Interval<\/a><\/p>\n<p>Our Lady of Victory (Columbus, Ohio)<br \/>\nSeptember 29, 2024<\/p>\n<p>&#8211;\u00a0<em>Almighty and Everlasting God<\/em>, Orlando Gibbons<br \/>\n&#8211;\u00a0<em>Hear the Voice and Prayer<\/em>, Thomas Tallis<br \/>\n&#8211; If<em> Ye Love Me<\/em>, Thomas Tallis<br \/>\n&#8211; Mass for Four Voices: Sanctus and Agnus Dei, William Byrd<br \/>\n&#8211;\u00a0<em>Hear My Prayer, O Lord<\/em>, Henry Purcell<br \/>\n&#8211;\u00a0<em>Thou Knowest, Lord, the Secrets of Our Hearts<\/em>, Henry Purcell<br \/>\n&#8211;\u00a0<em>Cibavit eos<\/em>, William Byrd<\/p>\n<div class=\"hrule clearfix\"><\/div>\n<p><strong>Ohio Choral Directors Association Summer Conference<\/strong><\/p>\n<p>Trinity Lutheran Seminary, Capital University (Bexley, Ohio)<br \/>\nJune 25, 2024<\/p>\n<p>&#8211;\u00a0<em>Sing Joyfully<\/em>, William Byrd<br \/>\n&#8211; <em>Rorate caeli<\/em>, William Byrd<br \/>\n&#8211;\u00a0<em>Ne irascaris Domine<\/em>, William Byrd<br \/>\n&#8211;\u00a0<em>Haec dies<\/em>, William Byrd<br \/>\n&#8211;\u00a0<em>Viri Galilaei<\/em>, William Byrd<\/p>\n<div class=\"hrule clearfix\"><\/div>\n<p><strong>William Byrd: A 400th Anniversary Celebration<\/strong><\/p>\n<p>St. Joseph Cathedral (Columbus, Ohio)<br \/>\n15 September 2023<\/p>\n<p>Timashev Recital Hall at The Ohio State University (Columbus, Ohio)<br \/>\n16 November 2023<\/p>\n<p>&#8211;\u00a0<em>Sing Joyfully<\/em>, William Byrd<br \/>\n&#8211; The Great Service: Venite, William Byrd<br \/>\n&#8211; <em>Rorate caeli<\/em>, William Byrd<br \/>\n&#8211;\u00a0<em>Ave Maria<\/em>, William Byrd<br \/>\n&#8211; The Great Service: Magnificat, William Byrd<br \/>\n&#8211; The Great Service: Nunc dimittis, William Byrd<br \/>\n&#8211;\u00a0<em>Ave verum corpus<\/em>, William Byrd<br \/>\n&#8211;\u00a0<em>Ne irascaris Domine<\/em>, William Byrd<br \/>\n&#8211;\u00a0<em>Haec dies<\/em>, William Byrd<br \/>\n&#8211; <em>Non vos relinquam<\/em>, William Byrd<br \/>\n&#8211; <em>Iustorum animae<\/em>, William Byrd<br \/>\n&#8211;\u00a0<em>Viri Galilaei<\/em>, William Byrd<br \/>\n&#8211;\u00a0<em>O Lord, Make Thy Servant Elizabeth<\/em>, William Byrd [encore]\n<div class=\"hrule clearfix\"><\/div>\n<p><strong>Ad libitum: A Singers&#8217; Choice Concert<\/strong><\/p>\n<p>St. Joseph Cathedral (Columbus, Ohio)<br \/>\n28 January 2022<\/p>\n<p>&#8211;\u00a0<em>Ave Maria&#8230; Virgo serenai,<\/em> Josquin des Prez<br \/>\n&#8211; Western Wind Mass: Gloria, John Taverner<br \/>\n&#8211;\u00a0<em>Sicut cervus<\/em>, Giovanni Pierluigi de Palestrina<br \/>\n&#8211; <em>O quam gloriosum<\/em>, Tom\u00e1s Luis de Victoria<br \/>\n&#8211;\u00a0<em>Ave Maria a 8<\/em>, Tom\u00e1s Luis de Victoria<br \/>\n&#8211;\u00a0<em>Jubilate Deo<\/em>, Giovanni Gabrieli<br \/>\n&#8211;\u00a0<em>Cibavit eos<\/em>, William Byrd<br \/>\n&#8211; Mass for Four Voices: Agnus Dei, William Byrd<br \/>\n&#8211;\u00a0<em>Almighty and Everlasting God<\/em>, Orlando Gibbons<br \/>\n&#8211;\u00a0<em>Hear My Prayer, O Lord<\/em>, Henry Purcell<br \/>\n&#8211;\u00a0<em>Thou Knowest, Lord, the Secrets of Our Hearts<\/em>, Henry Purcell<br \/>\n&#8211;\u00a0<em>Tu es Petrus<\/em>, Giovanni Pierluigi da Palestrina<br \/>\n&#8211;\u00a0<em>Crucifixus a 8<\/em>, Antonio Lotti<br \/>\n&#8211;\u00a0<em>Maria Magdalene et altera Maria<\/em>, Francisco Guerrero<br \/>\n&#8211; Pearsall,\u00a0<em>Lay a Garland<\/em> [encore]\n<div class=\"hrule clearfix\"><\/div>\n<p><strong>Twelfth Night Celebration: O magnum mysterium<\/strong><br \/>\nJoint concert with <a href=\"https:\/\/theearlyinterval.wixsite.com\/theearlyinterval\" target=\"_blank\" rel=\"noopener\">The Early Interval<\/a><\/p>\n<p>St. Joseph Cathedral (Columbus, Ohio)<br \/>\n3 January 2020<\/p>\n<p>&#8211;\u00a0<em>O magnum mysterium<\/em>,\u00a0Tom\u00e1s Luis de Victoria<br \/>\n&#8211;\u00a0Missa O magnum mysterium,\u00a0Tom\u00e1s Luis de Victoria<br \/>\n&#8211;\u00a0<em>Ave Maria<\/em>,\u00a0Tom\u00e1s Luis de Victoria<br \/>\n&#8211; <em>Ne timeas, Maria<\/em>,\u00a0Tom\u00e1s Luis de Victoria<br \/>\n&#8211;\u00a0<em>R\u00edu r\u00edu ch\u00edu<\/em>, att. Mateo Flecha the Elder<\/p>\n<div class=\"hrule clearfix\"><\/div>\n<p><strong>Heu mihi, Domine: Songs of Mourning, Songs of Hope<\/strong><\/p>\n<p>St. Joseph Cathedral (Columbus, Ohio)<br \/>\n16 August\u00a02019<\/p>\n<p>&#8211;\u00a0<em>Super flumina Babylonis<\/em>, Giovanni Pierluigi da Palestrina<br \/>\n&#8211;\u00a0<em>Taedet animam meam<\/em>, Tom\u00e1s Luis de Victoria<br \/>\n&#8211;\u00a0<em>Versa est in luctum<\/em>, Tom\u00e1s Luis de Victoria<br \/>\n&#8211;\u00a0<em>Lugebat David Absalon<\/em>, Nicolas Gombert<br \/>\n&#8211;\u00a0<em>When David Heard<\/em>, Thomas Weelkes<br \/>\n&#8211;\u00a0<em>Hear My Prayer, O Lord<\/em>, Henry Purcell<br \/>\n&#8211;\u00a0<em>Thou Knowest, Lord, the Secrets of Our Hearts<\/em>, Henry Purcell<br \/>\n&#8211;\u00a0<em>Simile est regnum caelorum<\/em>, Francisco Guerrero<br \/>\n&#8211;\u00a0Missa Simile est regnum caelorum, Alonso Lobo<\/p>\n<div class=\"hrule clearfix\"><\/div>\n<p><strong>Western Wind: Music of Byrd, Taverner, and White<\/strong><\/p>\n<p>St. Joseph Cathedral (Columbus, Ohio)<br \/>\n10 August 2018<\/p>\n<p>&#8211; <em>Emendemus in melius<\/em>, William Byrd<br \/>\n&#8211; <em>Ne irascaris Domine<\/em>, William Byrd<br \/>\n&#8211; Lamentations a5, Robert White<br \/>\n&#8211; Western Wind Mass, John Taverner<\/p>\n<div class=\"hrule clearfix\"><\/div>\n<p><strong>Spanish Music for Lamentation and Rejoicing<\/strong><\/p>\n<p>St. John&#8217;s Episcopal Church (Lancaster, Ohio)<br \/>\n18 August 2017<\/p>\n<p>The Cathedral of St. John the Evangelist (Cleveland, Ohio)<br \/>\n10 November 2017<\/p>\n<p>St. Joseph Cathedral (Columbus, Ohio)<br \/>\n17 November 2017<\/p>\n<p>&#8211;\u00a0<em>O vos omnes<\/em>,\u00a0Tom\u00e1s Luis de Victoria<br \/>\n&#8211;\u00a0<em>Animam meam dilectam<\/em>,\u00a0Tom\u00e1s Luis de Victoria<br \/>\n&#8211;\u00a0Lamentations of Jeremiah for Good Friday,\u00a0Tom\u00e1s Luis de Victoria<br \/>\n&#8211;\u00a0<em>Maria Magdalene et altera Maria<\/em>, Francisco Guerrero<br \/>\n&#8211;\u00a0Missa Maria Magadalene, Alonso Lobo<\/p>\n<div class=\"hrule clearfix\"><\/div>\n<p><strong>La Serenissima Rep\u00f9bblica: Venetian Masters of the High Renaissance<\/strong><\/p>\n<p>First Congregational Church (Columbus, Ohio)<br \/>\n18 September 2016<\/p>\n<p>&#8211;\u00a0<span style=\"font-family: arial, helvetica, sans-serif;\"><em>O magnum mysterium<\/em>,\u00a0Adrian Willaert<br \/>\n<\/span><span style=\"font-family: arial, helvetica, sans-serif;\">&#8211; <em>Mirabile mysterium<\/em>,\u00a0Adrian Williaert<br \/>\n<\/span><span style=\"font-family: arial, helvetica, sans-serif;\">&#8211; <em>Concordes adhibete animos<\/em>,\u00a0Cipriano de Rore<br \/>\n<\/span><span style=\"font-family: arial, helvetica, sans-serif;\">&#8211; <em>Nativitas tua<\/em>,\u00a0Costanzo Porta<br \/>\n<\/span><span style=\"font-family: arial, helvetica, sans-serif;\">&#8211; <em>Pater noster<\/em>,\u00a0Costanzo Porta<br \/>\n<\/span><span style=\"font-family: arial, helvetica, sans-serif;\">&#8211; <em>Cantate Domino<\/em>,\u00a0Giovanni Croce<br \/>\n<\/span><span style=\"font-family: arial, helvetica, sans-serif;\">&#8211; <em>O sacrum convivium<\/em>,\u00a0Giovanni Croce<br \/>\n<\/span><span style=\"font-family: arial, helvetica, sans-serif;\">&#8211; <em>Maria Magdalene<\/em>,\u00a0Andrea Gabrieli<br \/>\n<\/span><span style=\"font-family: arial, helvetica, sans-serif;\">&#8211; <em>Hodie completi sunt<\/em>,\u00a0Andrea Gabrieli<br \/>\n<\/span><span style=\"font-family: arial, helvetica, sans-serif;\">&#8211; Magnificat a 8, Giovanni Gabrieli<br \/>\n<\/span><span style=\"font-family: arial, helvetica, sans-serif;\">&#8211; <em>Jubilate Deo<\/em>,\u00a0Giovanni Gabrieli<br \/>\n<\/span><span style=\"font-family: arial, helvetica, sans-serif;\">&#8211; Messa a quattro voci da Cappella (1650), Claudio Monteverdi<\/span><\/p>\n<div class=\"hrule clearfix\"><\/div>\n<p><strong>O That Most Rare Breast<br \/>\n<\/strong><strong>Concert for the Conference &#8220;Popular Culture and the Deep Past 2016: Shakespeare Day&#8221;<\/strong><\/p>\n<p>The Ohio Union at The Ohio State University (Columbus, Ohio)<br \/>\n20 February 2016<\/p>\n<p><em>&#8211; Almighty and Everlasting God<\/em>, Orlando Gibbons<br \/>\n<em>&#8211; O That Most Rare Breast<\/em>, William Byrd<br \/>\n<em>&#8211; Cibavit eos<\/em>, William Byrd<br \/>\n<em>&#8211; Oculi omnium<\/em>, William Byrd<br \/>\n<em>&#8211; Sacerdotes Domini<\/em>, William Byrd<br \/>\n<em>&#8211; Quotiescunque manducabitis<\/em>, William Byrd<br \/>\n<em>&#8211; O sacrum convivium<\/em>, William Byrd<\/p>\n<div class=\"hrule clearfix\"><\/div>\n<p><strong>Sweet and Jangled: A Concert of\u00a0Music by\u00a0Jacob Reed (Featured Performers)<\/strong><\/p>\n<p>Cultural Arts Center (Columbus, Ohio)<br \/>\n31 January 2015<\/p>\n<p>&#8211; <em>Alleluia<\/em>, Jacob Reed<br \/>\n<em>&#8211; But a Mouthful of Sweet Air<\/em>,\u00a0Jacob Reed<br \/>\n<em>&#8211; Remembered Music<\/em>,\u00a0Jacob Reed<\/p>\n<div class=\"hrule clearfix\"><\/div>\n<p><strong>Masters of the English Reformation: Gibbons, Tallis, Tye<\/strong><\/p>\n<p>Saint Mark&#8217;s Episcopal Church (Columbus, Ohio)<br \/>\n16 August 2014<strong><br \/>\n<\/strong><\/p>\n<p>&#8211; <em>Almighty and Everlasting God<\/em>,\u00a0Orlando Gibbons<em><br \/>\n<\/em>&#8211; Dorian Morning Service (Venite, Te Deum, Benedictus),\u00a0Thomas Tallis<br \/>\n<em>&#8211; Out from the Deep<\/em>,\u00a0Thomas Tallis<br \/>\n<em>&#8211; Remember Not, O Lord God<\/em>, Thomas Tallis<br \/>\n<em>&#8211; I Will Exalt Thee, O Lord<\/em>, Christopher Tye<br \/>\n<em>&#8211; O Lord, Give Thy Holy Spirit<\/em>, Thomas Tallis<br \/>\n<em>&#8211; O Lord, in Thee Is All My Trust<\/em>, Thomas Tallis<br \/>\n&#8211; Dorian Evening Service (Magnificat, Nunc dimittis), Thomas Tallis<br \/>\n&#8211; O God Be Merciful unto Us, and Bless Us, Christopher Tye<\/p>\n<div class=\"hrule clearfix\"><\/div>\n<p><strong>Music for the Holy Spirit by Palestrina<\/strong><\/p>\n<p>Saint Mark&#8217;s Episcopal Church (Columbus, Ohio)<br \/>\n17 August 2013<\/p>\n<p><em>&#8211; Sicut cervus<\/em>, Giovanni Pierluigi da Palestrina<br \/>\n<em>&#8211; Iam Christus astra ascenderat<\/em> (plainchant), Anonymous<br \/>\n&#8211; Missa Iam Christus astra ascenderat (Kyrie and Gloria),\u00a0Giovanni Pierluigi da Palestrina<br \/>\n<em>&#8211; Veni Sancte Spiritus<\/em>,\u00a0Giovanni Pierluigi da Palestrina<br \/>\n&#8211; Missa Iam Christus astra ascenderat (Credo),\u00a0Giovanni Pierluigi da Palestrina<br \/>\n<em>&#8211; Veni Creator Spiritus<\/em>,\u00a0Giovanni Pierluigi da Palestrina<br \/>\n&#8211; Missa Iam Christus astra ascenderat (Sanctus and Agnus Dei),\u00a0Giovanni Pierluigi da Palestrina<br \/>\n<em>&#8211; Loquebantur variis linguis<\/em>,\u00a0Giovanni Pierluigi da Palestrina<br \/>\n<em>&#8211; Spiritus Sanctus replevit<\/em>,\u00a0Giovanni Pierluigi da Palestrina<\/p>\n<div class=\"hrule clearfix\"><\/div>\n<p><strong>Music of Orlande de Lassus<\/strong><\/p>\n<p>Saint Mark&#8217;s Episcopal Church (Columbus, Ohio)<br \/>\n20 August 2011<\/p>\n<p>Saint Paul&#8217;s Episcopal Church (Dayton, Ohio)<br \/>\n21 August 2011<\/p>\n<p><em>&#8211; Timor et tremor<\/em>, Orlande de Lassus<br \/>\n&#8211; Lamentationes Hieremiae Prophetae cum quatuor vocibus (secundi diei), Orlande de Lassus<br \/>\n&#8211; Missa pro defunctis cum quatuor vocibus, Orlande de Lassus<\/p>\n<div class=\"hrule clearfix\"><\/div>\n<p><strong>Music of William Byrd<\/strong><\/p>\n<p>Saint Mark&#8217;s Episcopal Church (Columbus, Ohio)<br \/>\n8 August 2010<\/p>\n<p><em>&#8211; O salutaris hostia<\/em>, William Byrd<br \/>\n<em>&#8211; Cibavit eos<\/em>,\u00a0William Byrd<br \/>\n&#8211; Mass for Four Voices (Kyrie and Gloria),\u00a0William Byrd<br \/>\n<em>&#8211; Oculi omnium<\/em>,\u00a0William Byrd<br \/>\n&#8211; Mass for Four Voices (Credo),\u00a0William Byrd<br \/>\n<em>&#8211; Sacerdotes Domini<\/em>,\u00a0William Byrd<br \/>\n&#8211; Mass for Four Voices (Sanctus and Agnus Dei),\u00a0William Byrd<br \/>\n<em>&#8211; Quotiescunque manducabitis<\/em>,\u00a0William Byrd<br \/>\n<em>&#8211; Ave verum corpus<\/em>,\u00a0William Byrd<br \/>\n<em>&#8211; O sacrum convivium<\/em>,\u00a0William Byrd<\/p>\n<div class=\"hrule clearfix\"><\/div>\n<p><strong>Beata Mater: Music for the Virgin Mary<\/strong><\/p>\n<p>Saint Mark&#8217;s Episcopal Church (Columbus, Ohio)<br \/>\n22 August 2009<\/p>\n<p><em>&#8211; Beata Mater<\/em> (plainchant), Anonymous<br \/>\n<em>&#8211; Salve sancta parens<\/em>, William Byrd<br \/>\n&#8211; Missa Beata Mater (Kyrie and Gloria), Francisco Guerrero<br \/>\n<em>&#8211; Virgo Dei Genitrix<\/em>, Adrian Willaert<br \/>\n<em>&#8211; Alleluia: Post partum<\/em>, Heinrich Isaac<br \/>\n&#8211; Missa Beata Mater (Credo), Francisco Guerrero<br \/>\n<em>&#8211; Ave Maria&#8230; Virgo serena<\/em>, Josquin des Prez<br \/>\n&#8211; Missa Beata Mater (Sanctus and Agnus Dei), Francisco Guerrero<br \/>\n<em>&#8211; Beata viscera Mariae Virginis<\/em>, William Byrd<\/p>\n<div class=\"hrule clearfix\"><\/div>\n<p><strong>Music for the Lord&#8217;s Supper<\/strong><\/p>\n<p>Saint Mark&#8217;s Episcopal Church (Columbus, Ohio)<br \/>\n8 August 2008<\/p>\n<p>&#8211; Lamentatio Ieremiae Prophetae (primi diei), Tom\u00e1s Luis de Victoria<br \/>\n<em>&#8211; Ecce vidimus<\/em>, Carlo Gesualdo<br \/>\n<em>&#8211; Miserere mei, Deus<\/em>, Gregorio Allegri<br \/>\n&#8211; Missa De Feria in Septimana Sancta, Orlande de Lassus<br \/>\n<em>&#8211; Pange lingua gloriosi<\/em>, William Byrd<\/p>\n<div class=\"hrule clearfix\"><\/div>\n<p><strong>Choral Works by Tom\u00e1s Luis de Victoria<\/strong><\/p>\n<p>Saint Mark&#8217;s Episcopal Church (Columbus, Ohio)<br \/>\n12 October 2007<\/p>\n<p><em>&#8211; O magnum mysterium<\/em>, Tom\u00e1s Luis de Victoria<br \/>\n<em>&#8211; Ave Maria<\/em>,\u00a0Tom\u00e1s Luis de Victoria<br \/>\n&#8211; Ne timeas Maria,\u00a0Tom\u00e1s Luis de Victoria<br \/>\n<em>&#8211; Jesu dulcis memoria<\/em>,\u00a0Tom\u00e1s Luis de Victoria<br \/>\n<em>&#8211; O vos omnes<\/em>,\u00a0Tom\u00e1s Luis de Victoria<br \/>\n<em>&#8211; Pueri Hebraeorum<\/em>,\u00a0Tom\u00e1s Luis de Victoria<br \/>\n<em>&#8211; Vere languores nostros<\/em>,\u00a0Tom\u00e1s Luis de Victoria<br \/>\n<em>&#8211; O quam gloriosum<\/em>,\u00a0Tom\u00e1s Luis de Victoria<br \/>\n&#8211; Missa O quam gloriosum,\u00a0Tom\u00e1s Luis de Victoria<\/p>\n<div class=\"hrule clearfix\"><\/div>\n<p><strong>Sacred Choral Works for Five Voices by Palestrina, Byrd, and Monteverdi<\/strong><\/p>\n<p>Saint Mark&#8217;s Episcopal Church (Columbus, Ohio)<br \/>\n26 August 2006<\/p>\n<p><em>&#8211; Rorate coeli<\/em>, Giovanni Pierluigi da Palestrina<br \/>\n<em>&#8211; Pater noster<\/em>,\u00a0Giovanni Pierluigi da Palestrina<br \/>\n<em>&#8211; Ave Maria<\/em>,\u00a0Giovanni Pierluigi da Palestrina<br \/>\n<em>&#8211; Save Me, O God<\/em>, William Byrd<br \/>\n<em>&#8211; O Praise Our Lord<\/em>, William Byrd<br \/>\n<em>&#8211; Laudate pueri Dominum<\/em>, Claudio Monteverdi<br \/>\n<em>&#8211; Salvum me fac, Domine<\/em>, Jacquet of Mantua<br \/>\n&#8211; Missa Salvum me fac, Domine,\u00a0Giovanni Pierluigi da Palestrina<\/p>\n","protected":false},"excerpt":{"rendered":"<p>For much of its history, Fior Angelico has existed primarily as a summertime ensemble, generally performing a single program each year. Below is a summary of past concerts and repertoire. Palestrina 500 Saint Joseph Cathedral (Columbus, Ohio) Friday, April 4, &hellip; <a href=\"http:\/\/www.fiorangelico.org\/index.php\/concerts\/\">Continued<\/a><\/p>\n","protected":false},"author":2,"featured_media":0,"parent":0,"menu_order":0,"comment_status":"closed","ping_status":"closed","template":"","meta":[],"_links":{"self":[{"href":"http:\/\/www.fiorangelico.org\/index.php\/wp-json\/wp\/v2\/pages\/46"}],"collection":[{"href":"http:\/\/www.fiorangelico.org\/index.php\/wp-json\/wp\/v2\/pages"}],"about":[{"href":"http:\/\/www.fiorangelico.org\/index.php\/wp-json\/wp\/v2\/types\/page"}],"author":[{"embeddable":true,"href":"http:\/\/www.fiorangelico.org\/index.php\/wp-json\/wp\/v2\/users\/2"}],"replies":[{"embeddable":true,"href":"http:\/\/www.fiorangelico.org\/index.php\/wp-json\/wp\/v2\/comments?post=46"}],"version-history":[{"count":25,"href":"http:\/\/www.fiorangelico.org\/index.php\/wp-json\/wp\/v2\/pages\/46\/revisions"}],"predecessor-version":[{"id":209,"href":"http:\/\/www.fiorangelico.org\/index.php\/wp-json\/wp\/v2\/pages\/46\/revisions\/209"}],"wp:attachment":[{"href":"http:\/\/www.fiorangelico.org\/index.php\/wp-json\/wp\/v2\/media?parent=46"}],"curies":[{"name":"wp","href":"https:\/\/api.w.org\/{rel}","templated":true}]}}